{"id":465,"date":"2015-10-17T15:05:11","date_gmt":"2015-10-17T12:05:11","guid":{"rendered":"http:\/\/we.kybi\/wp\/?page_id=465"},"modified":"2015-10-17T15:05:11","modified_gmt":"2015-10-17T12:05:11","slug":"6th-study-conference-on-baltex","status":"publish","type":"page","link":"https:\/\/wavelab.taltech.ee\/?page_id=465","title":{"rendered":"6th Study Conference on BALTEX"},"content":{"rendered":"<p><strong>B. Viikm\u00e4e <\/strong>and <strong>A. R\u00e4\u00e4met<\/strong>\u00a0from the Tallinn team presented\u00a0two oral and one poster presentations\u00a0: &#8220;A reliability study of wave climate modelling in the Baltic Sea&#8221; (A. R\u00e4\u00e4met, T. Soomere), &#8220;Utilizing lagrangian trajectories for reducing environmental risks&#8221; (B. Viikm\u00e4e, T. Soomere, N. Delpeche, H.E.M. Meier and K. D\u00f6\u00f6s) and &#8220;Towards a quantification of areas of high and low risk of pollution in the Gulf of Finland, with the application to ecologically sensitive areas&#8221; (poster by N. Delpeche, T. Soomere and B. Viikm\u00e4e). Furthermore <strong>B. Viikm\u00e4e<\/strong>\u00a0 was co-author to another oral presentation at the conference &#8220;Using multi-year circulation simulations to identify areas of reduced risk for marine transport. Application to the Gulf of Finland&#8221; (O. Andrejev, A. Sokolov, T. Soomere, K. Myrberg and B. Viikm\u00e4e).<\/p>\n","protected":false},"excerpt":{"rendered":"<p>B. Viikm\u00e4e and A. R\u00e4\u00e4met\u00a0from the Tallinn team presented\u00a0two oral and one poster presentations\u00a0: &#8220;A reliability study of wave climate modelling in the Baltic Sea&#8221; (A. R\u00e4\u00e4met, T. Soomere), &#8220;Utilizing lagrangian trajectories for reducing environmental risks&#8221; (B. Viikm\u00e4e, T. Soomere, N. Delpeche, H.E.M. Meier and K. D\u00f6\u00f6s) and &#8220;Towards a quantification of areas of high and low risk of pollution &hellip;<\/p>\n","protected":false},"author":1,"featured_media":0,"parent":0,"menu_order":0,"comment_status":"closed","ping_status":"closed","template":"","meta":{"footnotes":""},"class_list":["post-465","page","type-page","status-publish","hentry","archive-loop-container"],"_links":{"self":[{"href":"https:\/\/wavelab.taltech.ee\/index.php?rest_route=\/wp\/v2\/pages\/465","targetHints":{"allow":["GET"]}}],"collection":[{"href":"https:\/\/wavelab.taltech.ee\/index.php?rest_route=\/wp\/v2\/pages"}],"about":[{"href":"https:\/\/wavelab.taltech.ee\/index.php?rest_route=\/wp\/v2\/types\/page"}],"author":[{"embeddable":true,"href":"https:\/\/wavelab.taltech.ee\/index.php?rest_route=\/wp\/v2\/users\/1"}],"replies":[{"embeddable":true,"href":"https:\/\/wavelab.taltech.ee\/index.php?rest_route=%2Fwp%2Fv2%2Fcomments&post=465"}],"version-history":[{"count":0,"href":"https:\/\/wavelab.taltech.ee\/index.php?rest_route=\/wp\/v2\/pages\/465\/revisions"}],"wp:attachment":[{"href":"https:\/\/wavelab.taltech.ee\/index.php?rest_route=%2Fwp%2Fv2%2Fmedia&parent=465"}],"curies":[{"name":"wp","href":"https:\/\/api.w.org\/{rel}","templated":true}]}}