{"id":326,"date":"2015-10-10T09:01:32","date_gmt":"2015-10-10T06:01:32","guid":{"rendered":"http:\/\/we.kybi\/wp\/?page_id=326"},"modified":"2015-10-10T09:01:32","modified_gmt":"2015-10-10T06:01:32","slug":"nordplus","status":"publish","type":"page","link":"https:\/\/wavelab.taltech.ee\/?page_id=326","title":{"rendered":"NordPlus"},"content":{"rendered":"<p>NordPlus Neighbour Nordic-Baltic-Russian network cooperation within education and research (2005-2008) \u201cBoundary Layer Phenomena over Partially Ice Covered Arctic Seas: Impact on Weather, Climate, Ecology and Sustainable Economy\u201d Participants: Marie Curie Chair of Boundary-layer Physics, Division of Atmospheric Sciences, Dept. of Physical Sciences, Univ. of Helsinki, Finland (Prof. Sergej S. Zilitinkevich), Nansen Environ. Remote Sensing Centre, Bergen, Norway (Igor Ezau), S\u00f8ren E. Larsen, Wind Energy Dept., Ris\u00f8 National Laboratory, Denmark (Prof. S\u00f8ren E. Larsen), Danish Meteorological Institute, Copenhagen, Denmark (Dr. Alexander Baklanov), Nils Bohr Institute, University of Copenhagen, Denmark (Dr. Peter D. Ditlevsen), Dept. of Meteorology, Stockholm University, Sweden (Prof. Michael Tjernstr\u00f6m), Arctic and Antarctic Research Institute, St. Peterburg, Russia (Dr. Alexander Korablev), Russian Hydrometeorological State University, St. Peterburg, Russia (Dr. Svyatoslav Tyuryakov), Nansen Internat. Environ. Remote Sensing Centre, St.Petersburg, Russia (Dr. Svetlana Kuzmina), Laboratory of Mathematical Modelling, University of Latvia, Riga, Latvia (Dr. Janis Rimshans) .<\/p>\n","protected":false},"excerpt":{"rendered":"<p>NordPlus Neighbour Nordic-Baltic-Russian network cooperation within education and research (2005-2008) \u201cBoundary Layer Phenomena over Partially Ice Covered Arctic Seas: Impact on Weather, Climate, Ecology and Sustainable Economy\u201d Participants: Marie Curie Chair of Boundary-layer Physics, Division of Atmospheric Sciences, Dept. of Physical Sciences, Univ. of Helsinki, Finland (Prof. Sergej S. Zilitinkevich), Nansen Environ. Remote Sensing Centre, Bergen, Norway (Igor Ezau), S\u00f8ren &hellip;<\/p>\n","protected":false},"author":1,"featured_media":0,"parent":0,"menu_order":0,"comment_status":"closed","ping_status":"closed","template":"","meta":{"footnotes":""},"class_list":["post-326","page","type-page","status-publish","hentry","archive-loop-container"],"_links":{"self":[{"href":"https:\/\/wavelab.taltech.ee\/index.php?rest_route=\/wp\/v2\/pages\/326","targetHints":{"allow":["GET"]}}],"collection":[{"href":"https:\/\/wavelab.taltech.ee\/index.php?rest_route=\/wp\/v2\/pages"}],"about":[{"href":"https:\/\/wavelab.taltech.ee\/index.php?rest_route=\/wp\/v2\/types\/page"}],"author":[{"embeddable":true,"href":"https:\/\/wavelab.taltech.ee\/index.php?rest_route=\/wp\/v2\/users\/1"}],"replies":[{"embeddable":true,"href":"https:\/\/wavelab.taltech.ee\/index.php?rest_route=%2Fwp%2Fv2%2Fcomments&post=326"}],"version-history":[{"count":0,"href":"https:\/\/wavelab.taltech.ee\/index.php?rest_route=\/wp\/v2\/pages\/326\/revisions"}],"wp:attachment":[{"href":"https:\/\/wavelab.taltech.ee\/index.php?rest_route=%2Fwp%2Fv2%2Fmedia&parent=326"}],"curies":[{"name":"wp","href":"https:\/\/api.w.org\/{rel}","templated":true}]}}