{"id":324,"date":"2015-10-10T09:00:28","date_gmt":"2015-10-10T06:00:28","guid":{"rendered":"http:\/\/we.kybi\/wp\/?page_id=324"},"modified":"2015-10-10T09:00:28","modified_gmt":"2015-10-10T06:00:28","slug":"wave-current-interaction-in-coastal-environment","status":"publish","type":"page","link":"https:\/\/wavelab.taltech.ee\/?page_id=324","title":{"rendered":"Wave Current Interaction in Coastal Environment"},"content":{"rendered":"<p>Lead by Institut Fran\u00e7ais de Recherche pour l&#8217;Exploitation de la Mer (IFREMER) Centre de Brest, BP 70, 29280 Plouzan\u00e9, D\u00e9partement Essais et Recherches Technologiques, Service Hydrodynamique et Oc\u00e9ano-M\u00e9t\u00e9o (Dr. M. Prevosto, M. Le Boulluec, F. Guinot), Department of Oceanology, St. Petersburg State University (SPSU), 199178, St. Petersburg, 10 Line 33\/35 (Prof. Leonid Lopatoukhin, Dr. Sc. Alexander Boukhanovsky, Sergey Ivanov).<\/p>\n","protected":false},"excerpt":{"rendered":"<p>Lead by Institut Fran\u00e7ais de Recherche pour l&#8217;Exploitation de la Mer (IFREMER) Centre de Brest, BP 70, 29280 Plouzan\u00e9, D\u00e9partement Essais et Recherches Technologiques, Service Hydrodynamique et Oc\u00e9ano-M\u00e9t\u00e9o (Dr. M. Prevosto, M. Le Boulluec, F. Guinot), Department of Oceanology, St. Petersburg State University (SPSU), 199178, St. Petersburg, 10 Line 33\/35 (Prof. Leonid Lopatoukhin, Dr. Sc. Alexander Boukhanovsky, Sergey Ivanov).<\/p>\n","protected":false},"author":1,"featured_media":0,"parent":0,"menu_order":0,"comment_status":"closed","ping_status":"closed","template":"","meta":{"footnotes":""},"class_list":["post-324","page","type-page","status-publish","hentry","archive-loop-container"],"_links":{"self":[{"href":"https:\/\/wavelab.taltech.ee\/index.php?rest_route=\/wp\/v2\/pages\/324","targetHints":{"allow":["GET"]}}],"collection":[{"href":"https:\/\/wavelab.taltech.ee\/index.php?rest_route=\/wp\/v2\/pages"}],"about":[{"href":"https:\/\/wavelab.taltech.ee\/index.php?rest_route=\/wp\/v2\/types\/page"}],"author":[{"embeddable":true,"href":"https:\/\/wavelab.taltech.ee\/index.php?rest_route=\/wp\/v2\/users\/1"}],"replies":[{"embeddable":true,"href":"https:\/\/wavelab.taltech.ee\/index.php?rest_route=%2Fwp%2Fv2%2Fcomments&post=324"}],"version-history":[{"count":0,"href":"https:\/\/wavelab.taltech.ee\/index.php?rest_route=\/wp\/v2\/pages\/324\/revisions"}],"wp:attachment":[{"href":"https:\/\/wavelab.taltech.ee\/index.php?rest_route=%2Fwp%2Fv2%2Fmedia&parent=324"}],"curies":[{"name":"wp","href":"https:\/\/api.w.org\/{rel}","templated":true}]}}