{"id":1395,"date":"2025-01-05T18:55:07","date_gmt":"2025-01-05T18:55:07","guid":{"rendered":"https:\/\/wavelab.taltech.ee\/?page_id=1395"},"modified":"2025-10-09T14:39:32","modified_gmt":"2025-10-09T14:39:32","slug":"1395-2","status":"publish","type":"page","link":"https:\/\/wavelab.taltech.ee\/?page_id=1395","title":{"rendered":"Publications 2025"},"content":{"rendered":"\n<h3 class=\"wp-block-heading\">Papers indexed in the ISI Web of Science<\/h3>\n\n\n\n<ol class=\"wp-block-list\">\n<li>Jahanmard, V., L\u00f6ptien, U., Sand\u00f8, A.B., Gierisch, A.M.U., Dietze, H., Lien, V., Delpeche\u2010Ellmann, N., Hordoir, R. 2025. Barotropic trends through the Barents Sea opening for the period 1975\u20132021. <em>Journal of Geophysical Research-Oceans<\/em>, <strong>130<\/strong>, e2024JC021663. <a href=\"https:\/\/doi.org\/10.1029\/2024JC021663\">https:\/\/doi.org\/10.1029\/2024JC021663<\/a><\/li>\n\n\n\n<li>\u0160akurova, I., Kondrat, V., Baltranait\u0117, E., Gardausk\u0117, V., Kelp\u0161ait\u0117-Rimkien\u0117, L., Soomere, T., Parnell, K.E., 2025. Initial adjustment of underwater profiles after nourishment in a mild wave climate: a case study near Klaip\u0117da, the Baltic Sea. <em>Estonian Journal of Earth Sciences<\/em>, <strong>74<\/strong>(1), 22\u201333. <a href=\"https:\/\/doi.org\/10.3176\/earth.2025.02\">https:\/\/doi.org\/10.3176\/earth.2025.02<\/a><\/li>\n\n\n\n<li>Eelsalu, M., Piho, L., Aigars, J., Kelp\u0161ait\u0117-Rimkien\u0117, L., Kondrat, V., Kruusmaa, M., Parnell, K.E., Ristolainen, A., \u0160akurova, I., Skudra, M., Vi\u0161ka, M., Soomere, T. 2025. Exponential distribution of wave-driven near-bed water speeds under short-crested waves: a case study in the eastern Gulf of Riga, the Baltic Sea. <em>Proceedings of the Estonian Academy of Sciences<\/em>, <strong>74<\/strong>(1), 23\u201342. <a href=\"https:\/\/doi.org\/10.3176\/proc.2025.1.03\">https:\/\/doi.org\/10.3176\/proc.2025.1.03<\/a><\/li>\n\n\n\n<li>Eelsalu, M., Soomere, T., Parnell, K.E., Vi\u0161ka, M. 2025. Attribution of alterations in coastal processes in the southern and eastern Baltic Sea to climate change driven modifications of coastal drivers. <em>Oceanologia<\/em>, <strong>67<\/strong>(1), 67103. <a href=\"https:\/\/doi.org\/10.5697\/LXTZ5389\">https:\/\/doi.org\/10.5697\/LXTZ5389<\/a><\/li>\n\n\n\n<li>Soomere, T., Jankowski, M.Z., Eelsalu, M., Parnell, K.E., Vi\u0161ka, M., 2025. Alongshore sediment transport analysis for a semi-enclosed basin: a case study of the Gulf of Riga, the Baltic Sea. <em>Ocean Science<\/em>, <strong>21<\/strong>(2), 619\u2013641. <a href=\"https:\/\/doi.org\/10.5194\/os-21-619-2025\">https:\/\/doi.org\/10.5194\/os-21-619-2025<\/a><\/li>\n\n\n\n<li>Viigand, K., Eelsalu, M., Soomere, T., 2025. Quantifying exposedness of the eastern Baltic Sea shores with respect to extremely high and low water levels. <em>Estuarine, Coastal and Shelf Science<\/em>, <strong>319<\/strong>, 109267. <a href=\"https:\/\/doi.org\/10.1016\/j.ecss.2025.109267\">https:\/\/doi.org\/10.1016\/j.ecss.2025.109267<\/a><\/li>\n\n\n\n<li>Jahanmard, V., Ellmann, A., Delpeche-Ellmann, N., 2025. Quantification of Baltic Sea water budget components using dynamic topography. <em>Ocean Science<\/em>, <strong>21<\/strong>(3), 913\u2013930. <a href=\"https:\/\/doi.org\/10.5194\/os-21-913-2025\">https:\/\/doi.org\/10.5194\/os-21-913-2025<\/a><\/li>\n\n\n\n<li>Lorenz, M., Viigand, K., Gr\u00e4we, U., 2025. Untangling the waves: decomposing extreme sea levels in a non-tidal basin, the Baltic Sea. <em>Natural Hazards and Earth System Sciences<\/em>, <strong>25<\/strong>(4), 1439\u20131458. <a href=\"https:\/\/doi.org\/10.5194\/nhess-25-1439-2025\">https:\/\/doi.org\/10.5194\/nhess-25-1439-2025<\/a><\/li>\n\n\n\n<li>Viigand, K., Eelsalu, M., Soomere, T., 2025. Inherent non-stationarity in the GEV distribution for extreme sea levels: Implications for coastal vulnerability in the Baltic Sea. <em>Ocean Engineering<\/em>, <strong>341<\/strong>(4), 122681. <a href=\"https:\/\/doi.org\/10.1016\/j.oceaneng.2025.122681\">https:\/\/doi.org\/10.1016\/j.oceaneng.2025.122681<\/a><\/li>\n\n\n\n<li>Giudici, A., M\u00e4nnikus, R., Soomere, T., 2025. Variability and extremes of the Caspian Sea\u2019s modelled wave climate. <em>Ocean Engineering<\/em>, <strong>342<\/strong>(3), 123077. <a href=\"https:\/\/doi.org\/10.1016\/j.oceaneng.2025.123077\">https:\/\/doi.org\/10.1016\/j.oceaneng.2025.123077<\/a><\/li>\n<\/ol>\n\n\n\n<h3 class=\"wp-block-heading\">Other peer-reviewed papers in international research journals<\/h3>\n\n\n\n<h3 class=\"wp-block-heading\">Popular science and science policy<\/h3>\n\n\n\n<ol class=\"wp-block-list\">\n<li>Soomere, T. 2025. Teadlased lahendavad praktilisi probleeme. Postimees N\u00e4dal, 195(8443), 25.05.2025, 8. Veebis: TARMO SOOMERE \u27e9 Kelle \u00f5lgadel seisavad need, kes praegu n\u00e4evad teistest kaugemale? <a href=\"https:\/\/arvamus.postimees.ee\/8178404\/tarmo-soomere-kelle-olgadel-seisavad-need-kes-praegu-naevad-teistest-kaugemale\">https:\/\/arvamus.postimees.ee\/8178404\/tarmo-soomere-kelle-olgadel-seisavad-need-kes-praegu-naevad-teistest-kaugemale<\/a><\/li>\n\n\n\n<li>Soomere, T. 2025. ELU25 \u27e9 Akadeemik Tarmo Soomere: pikk tee kvaliteetse teaduse ja arusaadava keele poole. Postimees, veebiv\u00e4ljaanne, 5. veebruar 2025, 19:20 (kuukirjast KesKus). <a href=\"https:\/\/elu24.postimees.ee\/8186593\/elu25-akadeemik-tarmo-soomere-pikk-tee-kvaliteetse-teaduse-ja-arusaadava-keele-poole\">https:\/\/elu24.postimees.ee\/8186593\/elu25-akadeemik-tarmo-soomere-pikk-tee-kvaliteetse-teaduse-ja-arusaadava-keele-poole<\/a><\/li>\n\n\n\n<li>Soomere, T. 2025. Fakt teadust p\u00e4evas: kas Eestis kliima soojeneb? \u00d5htuleht, veebiversioon, 14.02.2025, 07:00. <a href=\"https:\/\/www.ohtuleht.ee\/1124467\/fakt-teadust-paevas-kas-eestis-kliima-soojeneb\">https:\/\/www.ohtuleht.ee\/1124467\/fakt-teadust-paevas-kas-eestis-kliima-soojeneb<\/a><\/li>\n\n\n\n<li>Soomere, T., 2025. Fakt teadust p\u00e4evas: kas inimkond on Maa kliimat m\u00f5jutanud? \u00d5htuleht, veebiversioon, 8.03.2025, 07:00. <a href=\"https:\/\/www.ohtuleht.ee\/1124624\/fakt-teadust-paevas-kas-inimkond-on-maa-kliimat-mojutanud\">https:\/\/www.ohtuleht.ee\/1124624\/fakt-teadust-paevas-kas-inimkond-on-maa-kliimat-mojutanud<\/a><\/li>\n\n\n\n<li>Soomere, T., 2025. Tarmo Soomere: elut\u00e4htsate asjadega ei m\u00e4ngita! P\u00f5llumajandus ja metsandus peaksid olema \u00fche ministeeriumi all. Eesti P\u00e4evaleht, Arvamus, 27.03.2025, 05:01. <a href=\"https:\/\/epl.delfi.ee\/artikkel\/120366381\/tarmo-soomere-elutahtsate-asjadega-ei-mangita-pollumajandus-ja-metsandus-peaksid-olema-uhe-ministeeriumi-all\">https:\/\/epl.delfi.ee\/artikkel\/120366381\/tarmo-soomere-elutahtsate-asjadega-ei-mangita-pollumajandus-ja-metsandus-peaksid-olema-uhe-ministeeriumi-all<\/a><\/li>\n\n\n\n<li>Soomere, T., 2025. Kunst muutuste keerises v\u00e4hem ruumi v\u00f5tta. Postimees N\u00e4dal, 212(8524), 24.05.2025, 8.&nbsp; <a href=\"https:\/\/arvamus.postimees.ee\/8250103\/tarmo-soomere-kunst-muutuste-keerises-vahem-ruumi-votta\">https:\/\/arvamus.postimees.ee\/8250103\/tarmo-soomere-kunst-muutuste-keerises-vahem-ruumi-votta<\/a><\/li>\n\n\n\n<li>Soomere T., 2025. Newtoni seadusi ei saa direktiividega muuta \u2013 kaine m\u00f5istus peab v\u00f5itma. Postimees, veebiv\u00e4ljaanne, 10.06.2025, 11:35. <a href=\"https:\/\/arvamus.postimees.ee\/8265768\/tarmo-soomere-newtoni-seadusi-ei-saa-direktiividega-muuta-kaine-moistus-peab-voitma\">https:\/\/arvamus.postimees.ee\/8265768\/tarmo-soomere-newtoni-seadusi-ei-saa-direktiividega-muuta-kaine-moistus-peab-voitma<\/a><\/li>\n\n\n\n<li>Soomere, T., 2025. Kahe jalaga soos? Maaleht, 25(1967), 19.06.2025, 26. <a href=\"https:\/\/maaleht.delfi.ee\/artikkel\/120384100\/tarmo-soomere-soode-taastamine-rikub-mitut-roheleppe-printsiipi\">https:\/\/maaleht.delfi.ee\/artikkel\/120384100\/tarmo-soomere-soode-taastamine-rikub-mitut-roheleppe-printsiipi<\/a><\/li>\n\n\n\n<li>Soomere, T., 2025. Fakt teadust p\u00e4evas: kas vahel v\u00f5ib kehtida, et 1 + 1 \u2260 2? \u00d5htuleht, veebiv\u00e4ljaanne, 11.07.2025, 07:00. <a href=\"https:\/\/www.ohtuleht.ee\/1134833\/fakt-teadust-paevas-kas-vahel-voib-kehtida-et-1-1-2\">https:\/\/www.ohtuleht.ee\/1134833\/fakt-teadust-paevas-kas-vahel-voib-kehtida-et-1-1-2<\/a><\/li>\n\n\n\n<li>Soomere, T., 2025. Fakt teadust p\u00e4evas: miks tiiburlaevad lainetega s\u00f5ita ei saa? \u00d5htuleht, veebiv\u00e4ljaanne, 15.07.2025, 07:00. <a href=\"https:\/\/www.ohtuleht.ee\/1134970\/fakt-teadust-paevas-miks-tiiburlaevad-lainetega-soita-ei-saa\">https:\/\/www.ohtuleht.ee\/1134970\/fakt-teadust-paevas-miks-tiiburlaevad-lainetega-soita-ei-saa<\/a><\/li>\n\n\n\n<li>Soomere, T., 2025. M\u00f5rad globaalse teaduse kaunis tulevikus. Sirp, 26(4050), 25.07.2025, 22\u201323. <a href=\"https:\/\/www.sirp.ee\/morad-globaalse-teaduse-kaunis-tulevikus\/\">https:\/\/www.sirp.ee\/morad-globaalse-teaduse-kaunis-tulevikus\/<\/a>. Sama, err.ee: 26.07.2025, 11.24. <a href=\"https:\/\/www.err.ee\/1609753800\/tarmo-soomere-morad-globaalse-teaduse-kaunis-tulevikus\">https:\/\/www.err.ee\/1609753800\/tarmo-soomere-morad-globaalse-teaduse-kaunis-tulevikus<\/a><\/li>\n\n\n\n<li>Soomere, T., 2025. M\u00f5rad globaalse teaduse kaunis tulevikus II. Sirp, 27(4051), 01.08.2025, 14\u201315. https:\/\/www.sirp.ee\/morad-globaalse-teaduse-kaunis-tulevikus-ii\/. Sama, err.ee: 03.08.2025, 10.27. <a href=\"https:\/\/www.err.ee\/1609760418\/tarmo-soomere-morad-globaalse-teaduse-kaunis-tulevikus-ii\">https:\/\/www.err.ee\/1609760418\/tarmo-soomere-morad-globaalse-teaduse-kaunis-tulevikus-ii<\/a><\/li>\n\n\n\n<li>Soomere, T., 2025. Fakt teadust p\u00e4evas: miks on veebruaris vaid 28\/29 p\u00e4eva? \u00d5htuleht, veebiv\u00e4ljaanne, 04.08.2025, 08:00. <a href=\"https:\/\/www.ohtuleht.ee\/1136271\/fakt-teadust-paevas-miks-on-veebruaris-vaid-2829-paeva\">https:\/\/www.ohtuleht.ee\/1136271\/fakt-teadust-paevas-miks-on-veebruaris-vaid-2829-paeva<\/a><\/li>\n\n\n\n<li>Soomere, T., Pilt, E., 2025. Fakt teadust p\u00e4evas: kuidas toimib teaduskommunikatsioon (info)s\u00f5jas? \u00d5htuleht, veebiv\u00e4ljaanne, 11.08.2025, 07:00. <a href=\"https:\/\/www.ohtuleht.ee\/1137126\/fakt-teadust-paevas-kuidas-toimib-teaduskommunikatsioon-infosojas\">https:\/\/www.ohtuleht.ee\/1137126\/fakt-teadust-paevas-kuidas-toimib-teaduskommunikatsioon-infosojas<\/a><\/li>\n\n\n\n<li>Soomere, T., 2025. Fakt teadust p\u00e4evas: kuidas tehakse teadust? \u00d5htuleht, veebiv\u00e4ljaanne, 28.08.2025, 07:00. <a href=\"https:\/\/www.ohtuleht.ee\/1137915\/fakt-teadust-paevas-kuidas-tehakse-teadust\">https:\/\/www.ohtuleht.ee\/1137915\/fakt-teadust-paevas-kuidas-tehakse-teadust<\/a><\/li>\n\n\n\n<li>Uri, V., Soomere, T., 2025. N\u00f5iduslikus metsas lihtne mehaanika ei aita. Maaleht, 37(1979), 11.09.2025. Veebis: Tarmo Soomere ja Veiko Uri: metsaprotsesside \u00fcmberp\u00f6\u00f6ramine ei toimi, isegi kui selle taga on hea soov. <a href=\"https:\/\/maaleht.delfi.ee\/artikkel\/120401625\/tarmo-soomere-ja-veiko-uri-metsaprotsesside-umberpooramine-ei-toimi-isegi-kui-selle-taga-on-hea-soov\">https:\/\/maaleht.delfi.ee\/artikkel\/120401625\/tarmo-soomere-ja-veiko-uri-metsaprotsesside-umberpooramine-ei-toimi-isegi-kui-selle-taga-on-hea-soov<\/a><\/li>\n\n\n\n<li>Soomere, T., Viigand, K., Eelsalu, M., 2025. L\u00e4\u00e4nemere k\u00e4itumine on aastak\u00fcmnetega m\u00e4rgatavalt muutunud. ERR Novaator, 18.09.2025 kell 14:11. <a href=\"https:\/\/novaator.err.ee\/1609804575\/laanemere-kaitumine-on-aastakumnetega-margatavalt-muutunud\">https:\/\/novaator.err.ee\/1609804575\/laanemere-kaitumine-on-aastakumnetega-margatavalt-muutunud<\/a><\/li>\n\n\n\n<li>Soomere, T., 2025. V\u00e4rske doktorit\u00f6\u00f6 uurib L\u00e4\u00e4nemere rannikute peidetud hingeelu. ERR Novaator, 03.10.2025 kell 15:22. <a href=\"https:\/\/novaator.err.ee\/1609819710\/varske-doktoritoo-uurib-laanemere-rannikute-peidetud-hingeelu\">https:\/\/novaator.err.ee\/1609819710\/varske-doktoritoo-uurib-laanemere-rannikute-peidetud-hingeelu<\/a><\/li>\n<\/ol>\n\n\n\n<p><\/p>\n","protected":false},"excerpt":{"rendered":"<p>Papers indexed in the ISI Web of Science Other peer-reviewed papers in international research journals Popular science and science policy<\/p>\n","protected":false},"author":1,"featured_media":0,"parent":0,"menu_order":0,"comment_status":"closed","ping_status":"closed","template":"","meta":{"footnotes":""},"class_list":["post-1395","page","type-page","status-publish","hentry","archive-loop-container"],"_links":{"self":[{"href":"https:\/\/wavelab.taltech.ee\/index.php?rest_route=\/wp\/v2\/pages\/1395","targetHints":{"allow":["GET"]}}],"collection":[{"href":"https:\/\/wavelab.taltech.ee\/index.php?rest_route=\/wp\/v2\/pages"}],"about":[{"href":"https:\/\/wavelab.taltech.ee\/index.php?rest_route=\/wp\/v2\/types\/page"}],"author":[{"embeddable":true,"href":"https:\/\/wavelab.taltech.ee\/index.php?rest_route=\/wp\/v2\/users\/1"}],"replies":[{"embeddable":true,"href":"https:\/\/wavelab.taltech.ee\/index.php?rest_route=%2Fwp%2Fv2%2Fcomments&post=1395"}],"version-history":[{"count":17,"href":"https:\/\/wavelab.taltech.ee\/index.php?rest_route=\/wp\/v2\/pages\/1395\/revisions"}],"predecessor-version":[{"id":1454,"href":"https:\/\/wavelab.taltech.ee\/index.php?rest_route=\/wp\/v2\/pages\/1395\/revisions\/1454"}],"wp:attachment":[{"href":"https:\/\/wavelab.taltech.ee\/index.php?rest_route=%2Fwp%2Fv2%2Fmedia&parent=1395"}],"curies":[{"name":"wp","href":"https:\/\/api.w.org\/{rel}","templated":true}]}}