{"id":1008,"date":"2019-10-29T09:02:40","date_gmt":"2019-10-29T06:02:40","guid":{"rendered":"http:\/\/wavelab.ioc.ee\/?page_id=1008"},"modified":"2019-10-29T09:02:40","modified_gmt":"2019-10-29T06:02:40","slug":"publications-2020","status":"publish","type":"page","link":"https:\/\/wavelab.taltech.ee\/?page_id=1008","title":{"rendered":"Publications 2020"},"content":{"rendered":"<h3>Papers indexed in the ISI Web of Science<\/h3>\n<div class=\"post-content\">\n<ol>\n<li>Pindsoo K., Soomere T. 2020. Basin-wide variations in trends in water level maxima in the Baltic Sea.\u00a0<em>Continental Shelf Research,<\/em>\u00a0<strong>193,<\/strong>\u00a0art. no.\u00a0104029, https:\/\/doi.org\/10.1016\/j.csr.2019.104029<\/li>\n<li>Varbla S., Ellmann A., Delpeche-Ellmann N. 2020. Validation of marine geoid\u00a0models by utilizing hydrodynamic model and shipborne GNSS profiles. <em>Marine\u00a0Geodesy<\/em>, <strong>43<\/strong> (2), 134\u2212162,\u00a0https:\/\/doi.org\/10.1080\/01490419.2019.1701153<\/li>\n<li>Suara K.A., Khanarmuei M., Ghosh A., Yu Y., Zhang H., Soomere T., Brown R.J. 2020. Transport patterns in Moreton Bay, Australia unveiled using Lagrangian coherent structure. <em>Science of the Total Environment<\/em>, <strong>721<\/strong>, art. no. 137715, https:\/\/doi.org\/10.1016\/j.scitotenv.2020.137715.<\/li>\n<li>Parnell K.E., Smithers S.G. 2020. Regional and Local Variability in Coastal Processes in Torres Strait, Australia, and its Importance for Climate Change Planning. <em>Journal of Coastal Research<\/em>, Special Issue 95, 616\u2013620, https:\/\/doi.org\/10.2112\/SI95-120.1.<\/li>\n<li>Kudryavtseva N., R\u00e4\u00e4met A., Soomere T. 2020. Coastal flooding: Joint probability of extreme water levels and waves along the Baltic Sea coast. <em>Journal of Coastal Research<\/em>, Special Issue 95, 1146\u20131151, https:\/\/doi.org\/10.2112\/SI95-222.1.<\/li>\n<li>R\u00e4tsep M., Parnell K.E., Soomere T. 2020. Detecting ship wakes for the study of coastal processes. <em>Journal of Coastal Research<\/em>, Special Issue 95, 1258\u20131262, https:\/\/doi.org\/10.2112\/SI95-243.1.<\/li>\n<li>Varbla S., Ellmann A., Delpeche-Ellmann N. 2020. Utilizing airborne laser scanning\u00a0and geoid model for near-coast improvements in sea surface height and marine\u00a0dynamics. <em>Journal of Coastal Research<\/em>,\u00a0Special Issue 95, 1339\u20131343, https:\/\/doi.org\/10.2112\/SI95-257.1.<\/li>\n<li>Dreier N., M\u00e4nnikus R., Fr\u00f6hle P. 2020. Long-term changes of waves at the German Baltic Sea coast: Are there trends from the past? <em>Journal of Coastal Research<\/em>, Special Issue 95, 1416\u20131421, https:\/\/doi.org\/10.2112\/SI95-274.1.<\/li>\n<li>Kurkin A., Rybin A., Soomere T., Kurkina O., Rouvinskaya E., 2020. Spatial distribution of energy of low-frequency internal waves in the Baltic Sea, <em>Frontiers in Marine Sciences<\/em>, <strong>8<\/strong>, art. no. 184, doi: 10.3389\/feart.2020.00184.<\/li>\n<li>R\u00e4tsep M., Parnell K.E., Soomere T., Kruusmaa M., Ristolainen A., Tuhtan J.A. 2020. Using spectrograms from underwater total pressure sensors to detect passing vessels in a coastal enviroment. <em>Journal of Oceanic and Atmospheric Technology<\/em>, <strong>37<\/strong> (8), 1353\u20131363, doi: 10.1175\/JTECH-D-19-0192.1.<\/li>\n<li>Rakisheva Z.B., Delpeche-Ellmann N., Sakhayeva A.K. 2020. Studying upwelling phases in the Kazakhstan part of the Caspian Sea. <em>International Journal of Mathematics and Physics,<\/em> <strong>11<\/strong> (1), art. no. 45, https:\/\/doi.org\/10.26577\/ijmph.2020.v11.i1.06.<\/li>\n<li>Parnell K.E., Hosking P.L., McLean R.F., Nichol S.L. 2020. Multidecadal shoreline monitoring at Parengarenga, northern New Zealand: From dumpy level to LiDAR. <em>Journal of Coastal Research<\/em>, Special Issue\u00a0101, 165\u2013171, https:\/\/doi.org\/10.2112\/JCR-SI101-031.1.<\/li>\n<li>Parnell K.E. 2020. A big wave at Pouto, Kaipara Harbour, New Zealand. <em>Journal of Coastal Research<\/em>, \u00a0Special Issue\u00a0101,\u00a0291\u2013294, https:\/\/doi.org\/10.2112\/JCR-SI101-053.1.<\/li>\n<li>Soomere T., Pindsoo K., Eelsalu M., Kudryavtseva N. 2020. Variability of distributions of wave set-up heights along a shoreline with complicated geometry. <em>Ocean Science<\/em>, <strong>16<\/strong>, 1047\u20131065, https:\/\/doi.org\/10.5194\/os-16-1-2020.<\/li>\n<li>M\u00e4nnikus R., Soomere T., Vi\u0161ka M. 2020. Variations in the mean, seasonal and extreme water level on the Latvian coast, the eastern Baltic Sea, during 1961\u20132018. <em>Estuarine Coastal and Shelf Science<\/em>, <strong>245<\/strong>, art. no. 106827, https:\/\/doi.org\/10.1016\/j.ecss.2020.106827.<\/li>\n<\/ol>\n<h3>Papers in collections<\/h3>\n<ol>\n<li>Kudryavtseva N., R\u00e4\u00e4met A., Soomere T. 2020. Coastal flooding: Joint probability of extreme water levels and waves along the Baltic Sea coast. In: <em>3rd Baltic Earth Conference \u201eEarth system changes and Baltic Sea coasts\u201c<\/em>. To be held in Jastarnia, Hel Peninsula, Poland, 1 to 5 June 2020, Held online, 2\u20133 June 2020. Conference Proceedings. Silke K\u00f6ppen, Marcus Reckermann, eds. International Baltic Earth Secretariat Publication No. 18, Geesthacht, Germany, June 2020, 70\u201371.<\/li>\n<li>M\u00e4nnikus R., Kudryavtseva N., Soomere T. 2020. Differences in stationary and non-stationary analysis of water level extremes in Latvian waters, Baltic Sea, during 1961\u20132018. <em>Ibid<\/em>., 74\u201375.<\/li>\n<li>Giudici A., Suara K., Soomere T., Brown R. 2020. A first look to Lagrangian Coherent Structures in the Gulf of Finland as a mean to identify hotspots of surface particle aggregation. <em>Ibid.<\/em>, 97\u201398.<\/li>\n<li>Barzehkar M., Parnell K., Soomere T. 2020. Decision support tools for the management of eastern Baltic Sea coasts. <em>Ibid.<\/em>, 135\u2013136.<\/li>\n<li>Parnell K.E, Soomere T. 2020. The application of coastal geomorphic process concepts to eastern Baltic Sea conditions in a changing climate. <em>Ibid.<\/em>, 143\u2013144.<\/li>\n<li>Najafzadeh F., Kudryavtseva N., Giudici A., Soomere T. 2020. Estimating the wave statistics bias in the partially ice-covered regions of the Baltic Sea. <em>Ibid.<\/em>, 175\u2013176.<\/li>\n<\/ol>\n<h3>Abstracts<\/h3>\n<ol>\n<li>Delpeche-Ellmann N., Mostafavi M., Ellmann A. 2020. Examining the Performance\u00a0Sentinel-3A SAR Altimetry Retrackers and Hydrodynamic Models sing a High Resolution\u00a0Geoid Model in the Baltic Sea. 12th Coastal Altimetry Workshop, abstract book, 12: 12th\u00a0Coastal Altimetry workshop, Feb. 4\u20137, 2020, Frascati, Italy.<\/li>\n<li>Mostafavi M., Ellmann A., Delpeche-Ellmann N. 2020. Validation of Multi-Satellite Altimetry Data Utilizing a High-Resolution Marine Geoid for the Baltic. 12th Coastal Altimetry Workshop, abstract book, 12: 12th Coastal Altimetry workshop, Feb. 4\u20137, 2020, Frascati, Italy.<\/li>\n<li>Mostafavi M., Ellmann A., Delpeche-Ellmann N. 2020. River Water Level Monitoring from Satellite Radar Altimetry Multi Missions: A Case Study of the Amazon and Danube. 12th Coastal Altimetry Workshop, abstract book, 12: 12th Coastal Altimetry workshop, Feb. 4\u20137, 2020, Frascati, Italy.<\/li>\n<li>Soomere T. 2020. Connecting science, society and policy: experience of a small country. In: 3rd Baltic Earth Conference \u201eEarth system changes and Baltic Sea coasts\u201c. To be held in Jastarnia, Hel Peninsula, Poland, 1 to 5 June 2020, Held online, 2\u20133 June 2020. Conference Proceedings. Silke K\u00f6ppen, Marcus Reckermann, eds. International Baltic Earth Secretariat Publication No. 18, Geesthacht, Germany, June 2020, 10.<\/li>\n<\/ol>\n<h3>Popular science and science policy<\/h3>\n<ol>\n<li>[Eesti Teaduste Akadeemia ja Tartu \u00dclikool] 2020. [In memoriam] Ilmar Koppel 16. I 1940 \u2013 9. I 2020. <em>Sirp <\/em>(the cultural weekly), 2(3774), 17.02.2020, 38 (in Estonian).<\/li>\n<li>Soomere T., Lust E. 2020. [In memoriam] Ilmar Koppel 16. I 1940 \u2013 9. I 2020. <em>Universitatis Tartuensis<\/em>, February 2020, nr 2(2490), 44\u201345\u00a0(in Estonian).<\/li>\n<li>Soomere T. 2020. [In memoriam] Valdek Kulbach 6. IV 1927 \u2013 31. I 2020. (J\u00e4relh\u00fc\u00fce Kaarli kirikus.) <em>Sirp<\/em>, 6(3778), 14.02.2020, 38\u00a0(in Estonian).<\/li>\n<li>[Eesti Teaduste Akadeemia] 2020. K\u00f5rgtase nii minevikku anal\u00fc\u00fcsides kui ka t\u00e4naseid toimetusi tehes. <em>Sirp<\/em>, 7(3779), 21.02.2020, 12; V\u00e4ltides igavaid inimesi ja olukordi, Ibid., 12; Liitprotsendid geenipangast. Ibid., 13; Eluslooduse Mendelejevi tabel, Ibid., 13; F\u00fc\u00fcsika keerulise hingeeluga ruumides. Ibid., 14; Eemaldades t\u00f5rvatilku meepotist. Ibid., 14; N\u00e4rvirakkude kasvu ergutajad ja piirajad. Ibid., 14\u201315; Tervel kehal terve nahk. Ibid., 15; M\u00fcstilise viikingiaja v\u00e4gev reaalsus. Ibid., 15; \u00d5piedukuse tehnoloogiline tugi. Ibid., 15 (Overview of laureates of national research awards, in Estonian).<\/li>\n<li>Soomere T. 2020. Kliimamuutuste keerukas<br \/>\n muster v\u00f5imendab ebav\u00f5rdsust (The complicated pattern of climate changes enhances contrasts in society). <em>\u00d5petajate Leht<\/em> (Teachers Weekly), 7, 21.02.2020, 5\u00a0(in Estonian).<\/li>\n<li>Soomere T. 2020. Tummad faktid kriisij\u00e4rgsest homsest (Silent facts from the post-crisis time). <em>\u00c4rip\u00e4ev<\/em> (Business Weekly), 56(6354), 23.03.2020, 12.<\/li>\n<li>Soomere T. 2020. Andmete peitmine toob ohvreid (Hiding data means loss of lives). <em>Postimees<\/em>, 78(7089), 03.04.2020, 14 (in Estonian).<\/li>\n<li>Parnell K., Soomere T., M\u00e4nnikus R., T\u00f5nisson H. 2020. Raudne rannakaitse h\u00e4vitab randa. <em>Postimee<\/em>s (The Postman), 90(7101), 18.04.2020, 20 (in Estonian).<\/li>\n<li>Minnik, T., Soomere T. (vastutav toimetaja) 2020. Eesti Teaduste Akadeemia s\u00f5nas ja pildis 2019 [Yearbook of Estonian Academy of Sciences: Words and Images]. Eesti Teaduste Akadeemia, Tallinn, 113 pp.\u00a0(In Estonian).<\/li>\n<li>Soomere T. 2020. Akadeemik Tarmo Soomere: Inimestele ebavajalike asjade p\u00e4hem\u00e4\u00e4rimine ei lakka. (Henry Linnard, Milline on maailm p\u00e4rast koroonaviirust? Ekspertide hinnangul endiselt \u00fcmmargune), <em>\u00d5htuleht (The Evening Daily)<\/em>, 25.04.2020, 11 (in Estonian).<\/li>\n<li>Soomere T. 2020. Julgete lahenduste k\u00f5rval viib maailma edasi vajadus midagi teha (The driving forces of our world). <em>Inseneeria Director<\/em> (Engineering. Director Magazine), 5(204), May 2020, 64\u201369 (in Estonian).<\/li>\n<li>Soomere T. 2020. \u00c4mblikuprossiga geenius. (Kommentaar Cedric Villani intervjuule). <em>Eesti P\u00e4evaleht<\/em> LP, 21(396), 22.05.2020, 23 (in Estonian).<\/li>\n<li>Soomere T., Niinemets \u00dc., Randma-Liiv T., J\u00e4rv J. 2020. Sammud tuleviku poole (Steps towards future that is worth of living). <em>Postimees<\/em>, 121(7132), 26.05.2020, 15 (in Estonian).<\/li>\n<li>Soomere T. 2020. Tarmo Soomere: Eesti hakkab juhtima peateadurite foorumit. Postimees, online, 30.06.2020 at 22:16, <a href=\"https:\/\/arvamus.postimees.ee\/7007496\/tarmo-soomere-eesti-hakkab-juhtima-peateadurite-foorumit\">https:\/\/arvamus.postimees.ee\/7007496\/tarmo-soomere-eesti-hakkab-juhtima-peateadurite-foorumit<\/a>\u00a0(in Estonian).<\/li>\n<li>Soomere T. (vastutav toimetaja) 2020. Eesti Vabariigi preemiad 2020. Eesti Teaduste Akadeemia, Tallinn, 358 pp.\u00a0(In Estonian).<\/li>\n<li>Soomere T. 2020. Eess\u00f5na (Foreword). Rmt: Soomere T. (ed.) 2020. Eesti Vabariigi preemiad 2020. Eesti Teaduste Akadeemia, Tallinn, 18\u201325.<\/li>\n<li>Soomere T. 2020. Teaduspreemiate komisjoni esimehe tervitus. Laureaatide tutvustus. Rmt: Soomere T. (vastutav toimetaja) 2020. Eesti Vabariigi preemiad 2020. Eesti Teaduste Akadeemia, Tallinn, 18\u201325 (in Estonian).<\/li>\n<li>Vasar, E., Soomere, T. 2020. Euroopa teaduste akadeemiate regeneratiivmeditsiini tulevikuvisioon (Vision of European academies on regenerative medicine). <em>Sirp<\/em>, 27(3799), 10.07.2020, 22\u201323 (in Estonian).<\/li>\n<li>Soomere T. 2020. Teadusn\u00f5ustamise tuleproov (The best of science advice during COVID-19). <em>Sirp<\/em>, 31(3803), 07.08.2020, 22\u201323 (in Estonian).<\/li>\n<li>Soomere T. 2020. Metsaga ei tohi m\u00e4ngida (Do not play games with our forests). <em>Postime<\/em>es, 199(7210), 28.08.2020, 17 (in Estonian).<\/li>\n<li>Soomere T. 2020. Teadlaste argumendid lammutavad puidu p\u00f5letamist soosivat maksum\u00fc\u00fcri (Arguments of scientists collapse the tax exeptions of wood burning for energy). <em>Postimee<\/em>s, 206(7217), 05.09.2020, Arvamus. Kultuur, 562, 6\u20137 (in Estonian).<\/li>\n<li>Soomere T. 2020. Vaidlus vesiniku \u00fcle kisub jaburaks (Strange arguments against hydrogen energetics). <em>Postimees<\/em>, 208(7219), 08.08.2020, 14 (in Estonian).<\/li>\n<li>Soomere T. 2020. Elektrijaam minu aias (YIMBY or power plant in my backyard). <em>Postimees<\/em>, 226(7237), 29.09.2020, 11 (in Estonian).<\/li>\n<li>Soomere, T. Merep\u00f5hi ei ole vaikne hauakoht (Seabed is not a silent graveyard). <em>Postimees<\/em>, 263(7274), 11.11.2020, 15 (in Estonian).<\/li>\n<li>Soomere, T. Eesti tulevikust: metsata v\u00f5i metsaga (The future of Estonia: with or without forest). <em>Maaleht<\/em> (The Farmers Weekly), 46(1727), 12.11.2020, 12\u201313 (in Estonian).<\/li>\n<li>Soomere, T. 2020. Kroonides kommunikatsiooni (The crown of communication). \u2013 <em>KesKus<\/em> (monthly cultural magazine), December 2020\u2013January 2021, 6\u20137 (in Estonian).<\/li>\n<li>Soomere, T. 2020. M\u00f6\u00f6da v\u00e4\u00e4rtusahelat mugavustsoonist v\u00e4lja (Climbing out the the confidence zone). <em>Elektriala<\/em> (the monthly magazine of electrical enterprises), 8\/2020, 17.12.2020, 5 (in Estonian)<\/li>\n<li>\n<p>Soomere, T. 2020. Teaduse ja ettev\u00f5tluse koost\u00f6\u00f6 konarlik tee (A long way towards cooperation of academia and enterprises). <em>Elektriala<\/em>, 8\/2020,17.12.2020, 8\u201310\u00a0(in Estonian).<\/p>\n<h3>About us<\/h3>\n<\/li>\n<\/ol>\n<ol>\n<li>Henry Linnard 2020. Tarmo Soomere: oleme elus t\u00e4nu sellele, et loodus on meie liitlane (A longer interview about interrelations of mankind and nature). Tulevikus ei pruugi see enam nii olla. <em>\u00d5htuleht<\/em>, 10.02.2020, 4\u20135 (in Estonian).<\/li>\n<li>Kadri K\u00fctt 2020. Teaduste akadeemia juhi Tarmo Soomere filosoofia: pehme j\u00f5ud ja l\u00f5putu veenmine (A longer interview about how to drive and lead science). <em>Inseneeria Director<\/em> (Engineering. Director monthly magazine), 2(201), February 2020, 10\u201317 (in Estonian).<\/li>\n<li>Linnard H. Akadeemik Tarmo Soomere: Inimestele ebavajalike asjade p\u00e4hem\u00e4\u00e4rimine ei lakka (A longer interview about the how the post-pandemic world looks like). \u2013 <em>\u00d5htuleht<\/em>, 25.04.2020, 11 (in Estonian).<\/li>\n<li>Joosep Tiks 2020. Tarmo Soomere: kui koroonaviirusele vaktsiini ega ravi ei leita, tuleb maskiball (Interview about perspectives of exiting the pandemic). <em>Eesti P\u00e4evaleht<\/em>, 65, 29.04.2020, 4\u20135 (in Estonian).<\/li>\n<li>Rainer Kerge 2020. Tarmo Soomere: Kui meil enam k\u00fclma talve ei ole, v\u00f5ib kogu maailm seisma j\u00e4\u00e4da (About the importance of cold winters). <em>Kalale! Looduses<\/em> (monthly magazine), 5, juuni 2020, 16\u201324 (in Estonian).<\/li>\n<li>Jaan-Juhan Oidermaa 2020. M\u00e4ng kolme d\u017einniga t\u00f5ukab Eesti kliimamuutuste epitsentrisse (Interplay of three drivers pushes Estonia to the focus of climate change). Novaator, 18.06.2020, <a href=\"https:\/\/novaator.err.ee\/1103328\/mang-kolme-dzinniga-toukab-eesti-kliimamuutuste-epitsentrisse\">https:\/\/novaator.err.ee\/1103328\/mang-kolme-dzinniga-toukab-eesti-kliimamuutuste-epitsentrisse<\/a>\u00a0(in Estonian).<\/li>\n<li>Katrin Helend-Aaviku 2020. Tarmo Soomere kliimamuutustest: Eestil on vedanud, aga peame vaatama maailma laiemalt. Iga\u00fche panus loeb (Estonia is relatively immune with respect to climate changes). \u00d5htuleht, 27.06.2020, 20\u201321, <a href=\"https:\/\/www.ohtuleht.ee\/1005467\/tarmo-soomere-kliimamuutustest-eestil-on-vedanud-aga-peame-vaatama-maailma-laiemalt-igauhe-panus-loeb\">https:\/\/www.ohtuleht.ee\/1005467\/tarmo-soomere-kliimamuutustest-eestil-on-vedanud-aga-peame-vaatama-maailma-laiemalt-igauhe-panus-loeb<\/a>\u00a0(in Estonian).<\/li>\n<li>Juku-Kalle Raid 2020. Teaduste Akadeemia peakubjas Tarmo Soomere: \u201eH\u00e4dad ei tule \u00e4kitselt!\u201c (Comments on interrelations of climate change and forestry). <em>Metsamees<\/em> (magazine of the\u00a0 national forestry enterprise),\u00a0August 2020, 2(139), 22\u201323 (in Estonian).<\/li>\n<\/ol>\n<\/div>\n","protected":false},"excerpt":{"rendered":"<p>Papers indexed in the ISI Web of Science Pindsoo K., Soomere T. 2020. Basin-wide variations in trends in water level maxima in the Baltic Sea.\u00a0Continental Shelf Research,\u00a0193,\u00a0art. no.\u00a0104029, https:\/\/doi.org\/10.1016\/j.csr.2019.104029 Varbla S., Ellmann A., Delpeche-Ellmann N. 2020. Validation of marine geoid\u00a0models by utilizing hydrodynamic model and shipborne GNSS profiles. Marine\u00a0Geodesy, 43 (2), 134\u2212162,\u00a0https:\/\/doi.org\/10.1080\/01490419.2019.1701153 Suara K.A., Khanarmuei M., Ghosh A., Yu Y., &hellip;<\/p>\n","protected":false},"author":1,"featured_media":0,"parent":0,"menu_order":0,"comment_status":"closed","ping_status":"closed","template":"","meta":{"footnotes":""},"class_list":["post-1008","page","type-page","status-publish","hentry","archive-loop-container"],"_links":{"self":[{"href":"https:\/\/wavelab.taltech.ee\/index.php?rest_route=\/wp\/v2\/pages\/1008","targetHints":{"allow":["GET"]}}],"collection":[{"href":"https:\/\/wavelab.taltech.ee\/index.php?rest_route=\/wp\/v2\/pages"}],"about":[{"href":"https:\/\/wavelab.taltech.ee\/index.php?rest_route=\/wp\/v2\/types\/page"}],"author":[{"embeddable":true,"href":"https:\/\/wavelab.taltech.ee\/index.php?rest_route=\/wp\/v2\/users\/1"}],"replies":[{"embeddable":true,"href":"https:\/\/wavelab.taltech.ee\/index.php?rest_route=%2Fwp%2Fv2%2Fcomments&post=1008"}],"version-history":[{"count":0,"href":"https:\/\/wavelab.taltech.ee\/index.php?rest_route=\/wp\/v2\/pages\/1008\/revisions"}],"wp:attachment":[{"href":"https:\/\/wavelab.taltech.ee\/index.php?rest_route=%2Fwp%2Fv2%2Fmedia&parent=1008"}],"curies":[{"name":"wp","href":"https:\/\/api.w.org\/{rel}","templated":true}]}}